{"id":77,"date":"2019-12-30T09:58:50","date_gmt":"2019-12-30T08:58:50","guid":{"rendered":"http:\/\/192.168.178.8\/wordpress\/?page_id=77"},"modified":"2024-11-19T18:38:11","modified_gmt":"2024-11-19T17:38:11","slug":"impressum","status":"publish","type":"page","link":"http:\/\/www.ritas-galerie.myds.me\/wordpress\/impressum\/","title":{"rendered":"Impressum"},"content":{"rendered":"<h5 id=\"mcetoc_1dtgufskq0\"><span style=\"font-family: verdana, geneva, sans-serif; font-size: 12px;\">Haftungsausschluss<\/span><\/h5>\r\n<p style=\"text-align: justify;\"><span style=\"font-size: 12px; font-family: verdana, geneva, sans-serif;\">Trotz sorgf\u00e4ltiger inhaltlicher Kontrolle \u00fcbernehme ich keine Haftung f\u00fcr die Inhalte externer Links. F\u00fcr den Inhalt der verlinkten Seiten sind ausschliesslich deren Betreiber verantwortlich ! Sollte ich auf dieser Webseite Rechte anderer verletzen, bitte ich um Nachricht per mail. Sollten Sie dennoch sofort ein Abmahnverfahren einleiten erfolgt eine Gegenklage auf Nichtbeachtung der gesetzlich vorgeschriebenen Schadenminderungspflicht.<\/span><\/p>\r\n<h5 id=\"mcetoc_1dtgufskq1\"><span style=\"font-family: verdana, geneva, sans-serif; font-size: 12px;\">Inhalt der dargebotenen Seiten:<\/span><\/h5>\r\n<p style=\"text-align: justify;\"><span style=\"font-size: 12px; font-family: verdana, geneva, sans-serif;\">F\u00fcr Korrektheit, Vollst\u00e4ndigkeit, Aktualit\u00e4t und Qualit\u00e4t der dargebotenen Informationen wird keine Verantwortung \u00fcbernommen.<\/span><\/p>\r\n<p style=\"text-align: justify;\"><span style=\"font-size: 12px; font-family: verdana, geneva, sans-serif;\">Anspr\u00fcche auf Haftung f\u00fcr Sch\u00e4den materieller oder ideeller Art , die durch Nutzung oder Nichtnutzung des bereitgestellten Angebots oder durch die Nutzung unvollst\u00e4ndiger oder fehlerhafter Informationen entstanden sind, sind grunds\u00e4tzlich ausgeschlossen, falls dem Autor kein vors\u00e4tzliches oder grob fahrl\u00e4ssiges Verschulden nachgewiesen werden kann.<\/span><\/p>\r\n<p style=\"text-align: justify;\"><span style=\"font-size: 12px; font-family: verdana, geneva, sans-serif;\">Alle Angebote sind freibleibend und ohne Verbindlichkeit. Das gesamte Angebot oder Teile der Seiten k\u00f6nnen ohne gesonderte Ank\u00fcndigung erg\u00e4nzt, ver\u00e4ndert oder gel\u00f6scht werden. Ausserdem kann die Ver\u00f6ffentlichung endg\u00fcltig oder zeitweilig eingestellt werden.<\/span><\/p>\r\n<h5 id=\"mcetoc_1dtgufskq1\"><span style=\"font-size: 12px; font-family: verdana, geneva, sans-serif;\">Speicherung der Daten:<\/span><\/h5>\r\n<p><span style=\"font-size: 12px; font-family: verdana, geneva, sans-serif;\">Auf dieser privaten Webseite werden keine User-Daten gespeichert. Evtl. werden Cookies von externen Webseiten gespeichert.<\/span><\/p>\r\n<p><span style=\"font-size: 16px;\"><em><span style=\"font-size: 14px;\"><span style=\"font-family: verdana, geneva, sans-serif; font-size: 12px;\">Rita Schatz, 72411 Bodelshausen, Oberhausen 4<\/span> , <i class=\"fa fa-envelope-open \" style=\"color: #000000;\"><\/i>\u00a0<span style=\"font-family: verdana, geneva, sans-serif; font-size: 12px;\"> <a href=\"&#109;&#x61;&#x69;l&#116;&#x6f;:&#114;&#x69;&#x74;&#97;&#x73;&#x67;a&#108;&#x65;r&#105;&#x65;&#x40;&#103;&#x6d;&#x61;i&#108;&#x2e;c&#111;&#x6d;\">&#114;&#105;&#x74;a&#115;&#x67;&#x61;l&#101;&#x72;&#x69;e&#64;&#x67;m&#97;&#x69;&#x6c;&#46;&#99;&#x6f;&#x6d;<\/a><\/span><br \/><\/span><\/em><\/span><\/p>\r\n<p><span style=\"font-size: 10px;\"><img loading=\"lazy\" decoding=\"async\" src=\"http:\/\/www.ritas-galerie.myds.me\/wordpress\/wp-content\/uploads\/2020\/01\/32x32white_rs-logo_bw.png\" alt=\"\" class=\"size-full wp-image-2634 alignleft\" width=\"32\" height=\"24\" \/><\/span><span style=\"font-size: 10px;\">Die Inhalte dieser Website sind urheberrechtlich gesch\u00fctzt. <\/span><span style=\"font-size: 10px;\">Jede Vervielf\u00e4ltigung der Website oder einzelner Inhalte ist ohne Einwilligung des Rechteinhabers untersagt und zieht straf- oder zivilrechtliche Folgen nach sich.<\/span><\/p>\r\n","protected":false},"excerpt":{"rendered":"<p>Haftungsausschluss Trotz sorgf\u00e4ltiger inhaltlicher Kontrolle \u00fcbernehme ich keine Haftung f\u00fcr die Inhalte externer Links. F\u00fcr den Inhalt der verlinkten Seiten sind ausschliesslich deren Betreiber verantwortlich ! Sollte ich auf dieser Webseite Rechte anderer verletzen, bitte ich um Nachricht per mail. Sollten Sie dennoch sofort ein Abmahnverfahren einleiten erfolgt eine Gegenklage auf Nichtbeachtung der gesetzlich vorgeschriebenen Schadenminderungspflicht. Inhalt der dargebotenen Seiten: F\u00fcr Korrektheit, Vollst\u00e4ndigkeit, Aktualit\u00e4t und Qualit\u00e4t der dargebotenen Informationen wird keine Verantwortung \u00fcbernommen. Anspr\u00fcche auf Haftung f\u00fcr Sch\u00e4den materieller oder ideeller Art , die durch Nutzung oder Nichtnutzung des bereitgestellten Angebots oder durch die Nutzung unvollst\u00e4ndiger oder fehlerhafter Informationen entstanden sind, sind grunds\u00e4tzlich ausgeschlossen, falls dem Autor kein vors\u00e4tzliches oder grob fahrl\u00e4ssiges Verschulden nachgewiesen werden kann. Alle Angebote sind freibleibend und ohne Verbindlichkeit. Das gesamte Angebot oder Teile der Seiten k\u00f6nnen ohne gesonderte Ank\u00fcndigung erg\u00e4nzt, ver\u00e4ndert oder gel\u00f6scht werden. Ausserdem kann die Ver\u00f6ffentlichung endg\u00fcltig oder zeitweilig eingestellt werden. Speicherung der Daten: Auf dieser privaten Webseite werden keine User-Daten gespeichert. Evtl. werden Cookies von externen Webseiten gespeichert. Rita Schatz, 72411 Bodelshausen, Oberhausen 4 , \u00a0 &#x72;&#105;t&#x61;&#x73;&#103;a&#x6c;&#101;r&#x69;&#x65;&#64;g&#x6d;&#97;i&#x6c;&#x2e;&#99;o&#x6d; Die Inhalte dieser Website sind urheberrechtlich gesch\u00fctzt. Jede Vervielf\u00e4ltigung der Website oder einzelner Inhalte ist ohne Einwilligung des Rechteinhabers untersagt und zieht straf- oder zivilrechtliche Folgen nach sich.<\/p>\n","protected":false},"author":1,"featured_media":0,"parent":0,"menu_order":0,"comment_status":"closed","ping_status":"closed","template":"","meta":{"footnotes":""},"class_list":["post-77","page","type-page","status-publish","hentry"],"acf":[],"_links":{"self":[{"href":"http:\/\/www.ritas-galerie.myds.me\/wordpress\/wp-json\/wp\/v2\/pages\/77","targetHints":{"allow":["GET"]}}],"collection":[{"href":"http:\/\/www.ritas-galerie.myds.me\/wordpress\/wp-json\/wp\/v2\/pages"}],"about":[{"href":"http:\/\/www.ritas-galerie.myds.me\/wordpress\/wp-json\/wp\/v2\/types\/page"}],"author":[{"embeddable":true,"href":"http:\/\/www.ritas-galerie.myds.me\/wordpress\/wp-json\/wp\/v2\/users\/1"}],"replies":[{"embeddable":true,"href":"http:\/\/www.ritas-galerie.myds.me\/wordpress\/wp-json\/wp\/v2\/comments?post=77"}],"version-history":[{"count":0,"href":"http:\/\/www.ritas-galerie.myds.me\/wordpress\/wp-json\/wp\/v2\/pages\/77\/revisions"}],"wp:attachment":[{"href":"http:\/\/www.ritas-galerie.myds.me\/wordpress\/wp-json\/wp\/v2\/media?parent=77"}],"curies":[{"name":"wp","href":"https:\/\/api.w.org\/{rel}","templated":true}]}}