{"id":45,"date":"2019-12-30T09:37:11","date_gmt":"2019-12-30T08:37:11","guid":{"rendered":"http:\/\/192.168.178.8\/wordpress\/?page_id=45"},"modified":"2020-09-23T16:52:03","modified_gmt":"2020-09-23T14:52:03","slug":"willkommen","status":"publish","type":"page","link":"http:\/\/www.ritas-galerie.myds.me\/wordpress\/","title":{"rendered":"Startseite"},"content":{"rendered":"<p style=\"text-align: center;\"><span style=\"font-family: verdana, geneva, sans-serif;\">Nehmen Sie sich etwas Zeit und bl\u00e4ttern meine Webseite durch, hier erfahren Sie alles \u00fcber meine Bilder . . .<\/span><\/p>\n<p style=\"text-align: center;\"><span style=\"font-family: verdana, geneva, sans-serif;\">Alle Bilder sind mit hochwertigen Acrylfarben hergestellt, eine kleine Auswahl finden Sie auf dieser Seite \u2013 mehr auf<\/span><\/p>\n<p style=\"text-align: center;\"><span style=\"font-family: verdana, geneva, sans-serif;\"><a href=\"http:\/\/www.ritas-galerie.myds.me\/wordpress\/abstrakt-2\/\" target=\"_blank\" rel=\"noopener noreferrer\">Abstrakt<\/a>,<a href=\"http:\/\/www.ritas-galerie.myds.me\/wordpress\/gegenstaendlich\/\" target=\"_blank\" rel=\"noopener noreferrer\"> Gegenst\u00e4ndlich<\/a> und <a href=\"http:\/\/www.ritas-galerie.myds.me\/wordpress\/surrealistisch\/\" target=\"_blank\" rel=\"noopener noreferrer\">Surrealistisch<\/a><\/span><\/p>\n<p style=\"text-align: center;\"><span style=\"font-family: verdana, geneva, sans-serif;\">M\u00f6chten Sie evtl. ein Bild erwerben oder haben Sie Fragen so melden Sie sich bitte \u00fcber das <a href=\"http:\/\/www.ritas-galerie.myds.me\/wordpress\/contact\/\" target=\"_blank\" rel=\"noopener noreferrer\">Kontaktformular.<\/a><\/span><\/p>\n<p style=\"text-align: center;\"><span style=\"font-family: verdana, geneva, sans-serif;\">Preise und Versandbedingungen sende ich Ihnen dann zu.<\/span><\/p>\n<p style=\"text-align: center;\"><span style=\"font-family: verdana, geneva, sans-serif;\">Es sind noch nicht alle meine Bilder digitalisiert \u2013 schauen Sie \u00f6fters mal vorbei.<\/span><\/p>\n\n\n\n\n<div id=\"gks-slider-17\"  data-gks-id=\"17\" class=\"gks-slider-layout gks-slider-carousel-layout\">\n        <div class=\"owl-carousel gks-carousel  \">\n        \n                    <div id=\"0\" class=\"gks-slider-cell image-none \" data-type=\"pic\" data-index=\"0\" data-src=\"\">\n                        <div class=\"gks-slider-cell-content gks-slider-cell-height\" data-url=\"\">\n                          \n                                                        <div class=\"gks-img-container\">\n                              <div class=\"gks-slider-cell-content-image gks-tile-img\" style=\"background-image: url(http:\/\/www.ritas-galerie.myds.me\/wordpress\/wp-content\/uploads\/2020\/01\/RED-HAIRS.jpg);\">\n                                                            <\/div>\n                                                      <\/div>\n                            <div class=\"gks-slider-onslide-details gks-slider-slide-caption\"><div class=\"gks-slider-title\">Red Hair<\/div><div class=\"gks-slider-details\"><\/div><\/div>\n                            <div class=\"gks-slider-onslide-content\"><\/div>                          \n                        <\/div>\n                    <\/div>\n                \n                    <div id=\"1\" class=\"gks-slider-cell image-none \" data-type=\"pic\" data-index=\"1\" data-src=\"\">\n                        <div class=\"gks-slider-cell-content gks-slider-cell-height\" data-url=\"\">\n                          \n                                                        <div class=\"gks-img-container\">\n                              <div class=\"gks-slider-cell-content-image gks-tile-img\" style=\"background-image: url(http:\/\/www.ritas-galerie.myds.me\/wordpress\/wp-content\/uploads\/2020\/01\/XLadyPower.jpg);\">\n                                                            <\/div>\n                                                      <\/div>\n                            <div class=\"gks-slider-onslide-details gks-slider-slide-caption\"><div class=\"gks-slider-title\">Frauen Power<\/div><div class=\"gks-slider-details\"> <\/div><\/div>\n                            <div class=\"gks-slider-onslide-content\"><\/div>                          \n                        <\/div>\n                    <\/div>\n                \n                    <div id=\"2\" class=\"gks-slider-cell image-none \" data-type=\"pic\" data-index=\"2\" data-src=\"\">\n                        <div class=\"gks-slider-cell-content gks-slider-cell-height\" data-url=\"\">\n                          \n                                                        <div class=\"gks-img-container\">\n                              <div class=\"gks-slider-cell-content-image gks-tile-img\" style=\"background-image: url(http:\/\/www.ritas-galerie.myds.me\/wordpress\/wp-content\/uploads\/2020\/02\/Dynamic-in-rot-4_H-1.jpg);\">\n                                                            <\/div>\n                                                      <\/div>\n                            <div class=\"gks-slider-onslide-details gks-slider-slide-caption\"><div class=\"gks-slider-title\">Dynamik in rot <\/div><div class=\"gks-slider-details\"><\/div><\/div>\n                            <div class=\"gks-slider-onslide-content\"><\/div>                          \n                        <\/div>\n                    <\/div>\n                \n                    <div id=\"3\" class=\"gks-slider-cell image-none \" data-type=\"pic\" data-index=\"3\" data-src=\"\">\n                        <div class=\"gks-slider-cell-content gks-slider-cell-height\" data-url=\"\">\n                          \n                                                        <div class=\"gks-img-container\">\n                              <div class=\"gks-slider-cell-content-image gks-tile-img\" style=\"background-image: url(http:\/\/www.ritas-galerie.myds.me\/wordpress\/wp-content\/uploads\/2020\/01\/02_03_Berg_im_Mondschein.jpg);\">\n                                                            <\/div>\n                                                      <\/div>\n                            <div class=\"gks-slider-onslide-details gks-slider-slide-caption\"><div class=\"gks-slider-title\">Berg im Mondschein<\/div><div class=\"gks-slider-details\"><\/div><\/div>\n                            <div class=\"gks-slider-onslide-content\"><\/div>                          \n                        <\/div>\n                    <\/div>\n                    <\/div>\n<\/div>\n\n\n\n\n\n<script>\n    jQuery(document).ready(function(){\n        var slideSpeed = 700;\n        var settings = {\n            responsiveBaseElement: '.gks-slider-layout',\n                        lazyLoad: false,\n            items: 1,\n            margin: 10,\n                        center: false,\n            loop: false,\n                        autoplay: false,\n            autoplayTimeout: 5000,\n            autoplayHoverPause: false,\n            mouseDrag: true,\n            touchDrag: true,\n            nav: false,\n            dots: false,\n            dotsEach: false,\n            smartSpeed: slideSpeed,\n            fluidSpeed: slideSpeed\n        };\n\n        \n                    settings.responsive = {\n                0 : {\n                    items: 1                },\n                421 : {\n                    items: 3                },\n                769 : {\n                    items: 4                },\n                1281 : {\n                    items: 6                }\n            };\n            settings.slideBy = 1;\n            settings.onInitialized = function(){\n                                        };\n\n        \n        \n        var gksSlider = jQuery('#gks-slider-17 .owl-carousel').owlCarousel(settings);\n        gksSlider.on('changed.owl.carousel', function(property) {\n          gks_destroyPlayer();\n\n          if (false ) {\n            var current = property.item.index;\n            var target = jQuery(property.target).find(\".owl-item\").eq(current).find(\".gks-slider-cell\");\n            jQuery(target).trigger(\"click\");\n          }\n        });\n\n        \/\/\n        \n        jQuery('#gks-slider-17 .gks-slider-ctrl-prev').click(function() {\n            jQuery(this).closest('.gks-slider-layout').find('.owl-carousel').trigger('prev.owl.carousel', [1000]);\n        });\n\n        gksSlider.on('changed.owl.carousel', function(event) {\n            jQuery(\"#gks-slider-17 .gks-info-opened .gks-slider-info-toggle\").click();\n        });\n\n        jQuery('#gks-slider-17 .gks-slider-ctrl-next').click(function() {\n            jQuery(this).closest('.gks-slider-layout').find('.owl-carousel').trigger('next.owl.carousel', [1000]);\n        });\n\n        jQuery(window).resize(function(){\n            gks_AdjustSlider(jQuery(\"#gks-slider-17\"));\n        });\n\n        gks_AdjustSlider(jQuery(\"#gks-slider-17\"));\n\n        jQuery('#gks-slider-17 .gks-slider-info-toggle').click(function(){\n            var caption = jQuery(this).closest('.gks-slider-overlay-caption');\n            caption.toggleClass('gks-info-opened');\n            if (caption.hasClass('gks-info-opened')) {\n                jQuery('.gks-slider-info-toggle', caption).removeClass('fa-angle-down');\n                jQuery('.gks-slider-info-toggle', caption).addClass('fa-angle-up');\n                jQuery('#gks-slider-17 .gks-slider-ctrl').animate({opacity: 0}, 100);\n            } else {\n                jQuery('.gks-slider-info-toggle', caption).addClass('fa-angle-down');\n                jQuery('.gks-slider-info-toggle', caption).removeClass('fa-angle-up');\n                jQuery('#gks-slider-17 .gks-slider-ctrl').animate({opacity: 1}, 100);\n            }\n            return false;\n        });\n\n        \n        jQuery(\"#gks-slider-17 .gks-slider-cell-content\").on(\"click\", function(evt){\n          if (jQuery(\"#gks-slider-17 .gks-slider-onslide-details\").has(evt.target).length) {\n            return;\n          }\n\n          var parent = jQuery(this).closest(\".gks-slider-cell\");\n          var type = jQuery(parent).data(\"type\");\n          if(type != \"html\") {\n            if (false || (type == \"youtube\" || type == \"vimeo\" || type == \"video\")) {\n              evt.preventDefault();\n            }\n          }\n\n          gks_handleClickAction(this, false);\n        });\n\n        if (false) {\n          jQuery(\"#gks-slider-17 #0.gks-slider-cell\").trigger(\"click\");\n        }\n    });\n\n    function gks_handleClickAction(target, showPopup) {\n      var parent = jQuery(target).closest(\".gks-slider-cell\");\n      var index = jQuery(parent).data(\"index\");\n\n      var type = jQuery(parent).data(\"type\");\n      if (!showPopup && (type == \"youtube\" || type == \"vimeo\" || type == \"video\")) {\n        gks_injectPlayer(parent);\n      } else if(type != \"html\" && showPopup) {\n              }\n    }\n\n    jQuery(window).on('hashchange, popstate', function (event) {\n        if(gksPopupIsOpen) {\n            gksPopupIsOpen = false;\n            gksBackCloses = true;\n            jQuery('.lg-close').click();\n        }\n    });\n\n\n    function gks_getAnimationName(slider){\n      var re = \/fx[a-zA-Z0-9\\-_]+\/i,\n          matches = re.exec(slider.attr('class'));\n\n      return matches !== null ? matches[0] : matches;\n    }\n\n    function gks_destroyPlayer() {\n      var video = jQuery(\"#gksvideo\");\n      jQuery(video).closest(\".gks-slider-cell\").find(\".gks-slider-onslide-content\").css(\"visibility\", \"visible\");\n      jQuery(video).closest(\".gks-slider-cell\").find(\".gks-video-play-icon\").css(\"visibility\", \"visible\");\n\n      if (video) {\n        video.attr(\"src\",\"\");\n        video.remove();\n      }\n    }\n\n    function gks_injectPlayer(parent) {\n      var type = jQuery(parent).data(\"type\");\n      var src = jQuery(parent).data(\"src\");\n\n      if (type == \"youtube\" || type == \"vimeo\" || type == \"video\") {\n        gks_destroyPlayer();\n\n        var embbedIn = jQuery(parent).find(\".gks-slider-cell-content-image\").length > 0 ? jQuery(parent).find(\".gks-slider-cell-content-image\") : parent;\n        jQuery('<iframe>', {\n             src: src,\n             id:  'gksvideo',\n             frameborder: 0,\n             scrolling: 'no',\n             allow: 'autoplay',\n             allowfullscreen: 'allowfullscreen',\n             style: \"position: absolute; width: 100%; height: 100%; left:0; top:0; z-index: 3; background-color: #000; z-index: 1000\"\n        }).appendTo(jQuery(embbedIn));\n\n        jQuery(parent).find(\".gks-slider-onslide-content\").css(\"visibility\", \"hidden\");\n        jQuery(parent).find(\".gks-video-play-icon\").css(\"visibility\", \"hidden\");\n      }\n    }\n\n<\/script>\n\n\n<p>&nbsp;<\/p>\n<p>&nbsp;<\/p>\n<p style=\"text-align: center;\"><span style=\"font-family: verdana, geneva, sans-serif; font-size: 12px;\">hier der <strong>QR-Code<\/strong> f\u00fcr diese Web-Seite:<\/span><\/p>\n<p style=\"text-align: center;\"><img loading=\"lazy\" decoding=\"async\" src=\"http:\/\/www.ritas-galerie.myds.me\/wordpress\/wp-content\/uploads\/2020\/09\/qrcode-300x300.png\" alt=\"\" class=\"wp-image-3865 aligncenter\" width=\"133\" height=\"133\" srcset=\"http:\/\/www.ritas-galerie.myds.me\/wordpress\/wp-content\/uploads\/2020\/09\/qrcode-300x300.png 300w, http:\/\/www.ritas-galerie.myds.me\/wordpress\/wp-content\/uploads\/2020\/09\/qrcode-150x150.png 150w, http:\/\/www.ritas-galerie.myds.me\/wordpress\/wp-content\/uploads\/2020\/09\/qrcode-75x75.png 75w, http:\/\/www.ritas-galerie.myds.me\/wordpress\/wp-content\/uploads\/2020\/09\/qrcode.png 400w\" sizes=\"auto, (max-width: 133px) 100vw, 133px\" \/><\/p>\n","protected":false},"excerpt":{"rendered":"<p>Nehmen Sie sich etwas Zeit und bl\u00e4ttern meine Webseite durch, hier erfahren Sie alles \u00fcber meine Bilder . . . Alle Bilder sind mit hochwertigen Acrylfarben hergestellt, eine kleine Auswahl finden Sie auf dieser Seite \u2013 mehr auf Abstrakt, Gegenst\u00e4ndlich und Surrealistisch M\u00f6chten Sie evtl. ein Bild erwerben oder haben Sie Fragen so melden Sie sich bitte \u00fcber das Kontaktformular. Preise und Versandbedingungen sende ich Ihnen dann zu. Es sind noch nicht alle meine Bilder digitalisiert \u2013 schauen Sie \u00f6fters mal vorbei. &nbsp; &nbsp; hier der QR-Code f\u00fcr diese Web-Seite:<\/p>\n","protected":false},"author":1,"featured_media":0,"parent":0,"menu_order":0,"comment_status":"closed","ping_status":"closed","template":"","meta":{"footnotes":""},"class_list":["post-45","page","type-page","status-publish","hentry"],"acf":[],"_links":{"self":[{"href":"http:\/\/www.ritas-galerie.myds.me\/wordpress\/wp-json\/wp\/v2\/pages\/45","targetHints":{"allow":["GET"]}}],"collection":[{"href":"http:\/\/www.ritas-galerie.myds.me\/wordpress\/wp-json\/wp\/v2\/pages"}],"about":[{"href":"http:\/\/www.ritas-galerie.myds.me\/wordpress\/wp-json\/wp\/v2\/types\/page"}],"author":[{"embeddable":true,"href":"http:\/\/www.ritas-galerie.myds.me\/wordpress\/wp-json\/wp\/v2\/users\/1"}],"replies":[{"embeddable":true,"href":"http:\/\/www.ritas-galerie.myds.me\/wordpress\/wp-json\/wp\/v2\/comments?post=45"}],"version-history":[{"count":0,"href":"http:\/\/www.ritas-galerie.myds.me\/wordpress\/wp-json\/wp\/v2\/pages\/45\/revisions"}],"wp:attachment":[{"href":"http:\/\/www.ritas-galerie.myds.me\/wordpress\/wp-json\/wp\/v2\/media?parent=45"}],"curies":[{"name":"wp","href":"https:\/\/api.w.org\/{rel}","templated":true}]}}