{"id":3592,"date":"2020-03-06T09:29:01","date_gmt":"2020-03-06T08:29:01","guid":{"rendered":"http:\/\/www.ritas-galerie.myds.me\/wordpress\/?page_id=3592"},"modified":"2026-03-13T12:20:02","modified_gmt":"2026-03-13T11:20:02","slug":"ueber_mich","status":"publish","type":"page","link":"http:\/\/www.ritas-galerie.myds.me\/wordpress\/ueber_mich\/","title":{"rendered":"ueber_mich"},"content":{"rendered":"\r\n<p><span style=\"font-family: verdana, geneva, sans-serif; font-size: 14px;\">Mein Name ist Rita Schatz,<\/span><\/p>\r\n<p><span style=\"font-size: 16px;\"><img loading=\"lazy\" decoding=\"async\" src=\"http:\/\/www.ritas-galerie.myds.me\/wordpress\/wp-content\/uploads\/2020\/01\/rita-285x300.png\" alt=\"\" class=\"alignleft\" width=\"130\" height=\"137\" \/><\/span><\/p>\r\n<p><span style=\"font-family: verdana, geneva, sans-serif; font-size: 14px;\">meine Kindheit und Jugend verbrachte ich auf der Schw\u00e4bischen Alb \u2013 einer Landschaft, die mich bis heute pr\u00e4gt. Schon in jungen Jahren entdeckte ich meine Leidenschaft f\u00fcr Kunst und Malerei. Dennoch f\u00fchrte mich mein beruflicher Weg zun\u00e4chst in eine andere Richtung: Viele Jahre arbeitete ich in der IT verschiedener Unternehmen.<\/span><\/p>\r\n<p><span style=\"font-family: verdana, geneva, sans-serif; font-size: 14px;\">Mit der Zeit wurde der Wunsch st\u00e4rker, mich intensiver der Malerei zu widmen. Schritt f\u00fcr Schritt entwickelte sich daraus ein fester Bestandteil meines Lebens und schlie\u00dflich auch der Mut, meine Werke in verschiedenen Ausstellungen zu pr\u00e4sentieren.<\/span><\/p>\r\n<p><span style=\"font-family: verdana, geneva, sans-serif; font-size: 14px;\">Meine Bilder tragen Spuren meiner Reisen und Begegnungen. Eindr\u00fccke aus unterschiedlichen L\u00e4ndern und Kulturen finden ihren Weg auf die Leinwand und zeigen sich in leuchtenden Farben, klaren Formen und einer lebendigen Bildsprache.<\/span><\/p>\r\n<p><span style=\"font-family: verdana, geneva, sans-serif; font-size: 14px;\">Ich bin dankbar f\u00fcr die Menschen, die an mich glauben, mich unterst\u00fctzen und meine Arbeit wertsch\u00e4tzen \u2013 besonders f\u00fcr jene, die eines oder mehrere meiner Werke in ihrem Zuhause haben.<\/span><\/p>\r\n<p><span style=\"font-family: verdana, geneva, sans-serif; font-size: 14px;\">Dieses Vertrauen erf\u00fcllt mich mit Stolz, gibt mir Kraft und inspiriert mich immer wieder aufs Neue. Es schenkt mir das besondere Gef\u00fchl, mit meiner Kunst Menschen zu ber\u00fchren und ihnen Freude zu bereiten \u2013 etwas, das mir von Herzen wichtig ist.<\/span><\/p>\r\n<p><a href=\"&#x6d;&#97;i&#x6c;&#x74;&#111;:&#x72;&#x69;&#116;a&#x73;&#103;a&#x6c;&#x65;&#114;i&#x65;&#x40;&#103;m&#x61;&#105;&#108;&#x2e;&#x63;&#111;m\" target=\"_blank\" rel=\"noopener noreferrer\"><span style=\"font-family: verdana, geneva, sans-serif;\"><em>Rita Schatz<\/em> <img loading=\"lazy\" decoding=\"async\" src=\"http:\/\/www.ritas-galerie.myds.me\/wordpress\/wp-content\/uploads\/2020\/01\/64x64white_rs-logo_bw.png\" alt=\"\" class=\"alignnone size-full wp-image-2635\" width=\"64\" height=\"48\" \/><\/span><\/a><\/p>\r\n<p>&nbsp;<\/p>\r\n<p>&nbsp;<\/p>\r\n<p>&nbsp;<\/p>\r\n<p><span style=\"font-size: 12px; font-family: verdana, geneva, sans-serif;\">Besonders m\u00f6chte ich mich bei meinem Mann bedanken f\u00fcr die Erstellung dieser WebPage und die Logistik zu den Vernissagen.\u00a0<\/span><\/p>\r\n","protected":false},"excerpt":{"rendered":"<p>Mein Name ist Rita Schatz, meine Kindheit und Jugend verbrachte ich auf der Schw\u00e4bischen Alb \u2013 einer Landschaft, die mich bis heute pr\u00e4gt. Schon in jungen Jahren entdeckte ich meine Leidenschaft f\u00fcr Kunst und Malerei. Dennoch f\u00fchrte mich mein beruflicher Weg zun\u00e4chst in eine andere Richtung: Viele Jahre arbeitete ich in der IT verschiedener Unternehmen. Mit der Zeit wurde der Wunsch st\u00e4rker, mich intensiver der Malerei zu widmen. Schritt f\u00fcr Schritt entwickelte sich daraus ein fester Bestandteil meines Lebens und schlie\u00dflich auch der Mut, meine Werke in verschiedenen Ausstellungen zu pr\u00e4sentieren. Meine Bilder tragen Spuren meiner Reisen und Begegnungen. Eindr\u00fccke aus unterschiedlichen L\u00e4ndern und Kulturen finden ihren Weg auf die Leinwand und zeigen sich in leuchtenden Farben, klaren Formen und einer lebendigen Bildsprache. Ich bin dankbar f\u00fcr die Menschen, die an mich glauben, mich unterst\u00fctzen und meine Arbeit wertsch\u00e4tzen \u2013 besonders f\u00fcr jene, die eines oder mehrere meiner Werke in ihrem Zuhause haben. Dieses Vertrauen erf\u00fcllt mich mit Stolz, gibt mir Kraft und inspiriert mich immer wieder aufs Neue. Es schenkt mir das besondere Gef\u00fchl, mit meiner Kunst Menschen zu ber\u00fchren und ihnen Freude zu bereiten \u2013 etwas, das mir von Herzen wichtig ist. Rita Schatz &nbsp; &nbsp; &nbsp; Besonders m\u00f6chte ich mich bei meinem Mann bedanken f\u00fcr die Erstellung dieser WebPage und die Logistik zu den Vernissagen.\u00a0<\/p>\n","protected":false},"author":1,"featured_media":0,"parent":0,"menu_order":0,"comment_status":"closed","ping_status":"closed","template":"","meta":{"footnotes":""},"class_list":["post-3592","page","type-page","status-publish","hentry"],"acf":[],"_links":{"self":[{"href":"http:\/\/www.ritas-galerie.myds.me\/wordpress\/wp-json\/wp\/v2\/pages\/3592","targetHints":{"allow":["GET"]}}],"collection":[{"href":"http:\/\/www.ritas-galerie.myds.me\/wordpress\/wp-json\/wp\/v2\/pages"}],"about":[{"href":"http:\/\/www.ritas-galerie.myds.me\/wordpress\/wp-json\/wp\/v2\/types\/page"}],"author":[{"embeddable":true,"href":"http:\/\/www.ritas-galerie.myds.me\/wordpress\/wp-json\/wp\/v2\/users\/1"}],"replies":[{"embeddable":true,"href":"http:\/\/www.ritas-galerie.myds.me\/wordpress\/wp-json\/wp\/v2\/comments?post=3592"}],"version-history":[{"count":2,"href":"http:\/\/www.ritas-galerie.myds.me\/wordpress\/wp-json\/wp\/v2\/pages\/3592\/revisions"}],"predecessor-version":[{"id":4395,"href":"http:\/\/www.ritas-galerie.myds.me\/wordpress\/wp-json\/wp\/v2\/pages\/3592\/revisions\/4395"}],"wp:attachment":[{"href":"http:\/\/www.ritas-galerie.myds.me\/wordpress\/wp-json\/wp\/v2\/media?parent=3592"}],"curies":[{"name":"wp","href":"https:\/\/api.w.org\/{rel}","templated":true}]}}