{"id":2939,"date":"2020-02-01T09:18:37","date_gmt":"2020-02-01T08:18:37","guid":{"rendered":"http:\/\/www.ritas-galerie.myds.me\/wordpress\/?page_id=2939"},"modified":"2023-04-11T13:11:56","modified_gmt":"2023-04-11T11:11:56","slug":"contact","status":"publish","type":"page","link":"http:\/\/www.ritas-galerie.myds.me\/wordpress\/contact\/","title":{"rendered":"Contact"},"content":{"rendered":"<p id=\"mcetoc_1e3ot9u7l0\" style=\"text-align: center;\"><span style=\"font-family: verdana, geneva, sans-serif; font-size: 20px;\">Fragen, W\u00fcnsche, Anregungen ?<\/span><\/p>\n<p style=\"text-align: center;\"><span style=\"font-size: 14px;\"><span style=\"font-family: verdana, geneva, sans-serif;\">Dann bin ich gerne pers\u00f6nlich f\u00fcr Sie da. Schreiben Sie mir eine <a href=\"ma&#105;&#108;&#x74;&#x6f;&#x3a;&#x72;it&#97;&#115;&#x67;&#x61;&#x6c;&#x65;ri&#101;&#64;&#103;&#x6d;&#x61;&#x69;&#x6c;&#46;c&#111;&#109;\"><span style=\"color: #000000;\">E-Mail <\/span><\/a><\/span><span style=\"font-family: verdana, geneva, sans-serif;\"><br \/>\n<\/span><\/span><\/p>\n<p style=\"text-align: center;\"><span style=\"font-family: verdana, geneva, sans-serif; font-size: 14px;\">Ich freuen mich auf Sie<\/span><\/p>\n<div class=\"one_third last\">\n<p id=\"mcetoc_1e3osmh8i0\" style=\"text-align: center;\"><em><span style=\"font-size: 14px;\"><span style=\"font-family: verdana, geneva, sans-serif;\"><\/span><span style=\"font-family: verdana, geneva, sans-serif;\">Rita Schatz, <\/span><\/span><span style=\"font-family: verdana, geneva, sans-serif; font-size: 14px;\">Oberhausen 4, <\/span><\/em><span style=\"font-size: 14px;\"><em><span style=\"font-family: verdana, geneva, sans-serif;\"><\/span><\/em><span style=\"font-family: verdana, geneva, sans-serif;\"><em>72411 Bodelshausen,\u00a0 <\/em><span><i class=\"fa fa-envelope \"><\/i><em>\u00a0 <a href=\"mailto:ritasgalerie&#64;gmai&#108;&#46;&#99;&#111;&#109;\">&#114;&#x69;t&#97;&#x73;g&#97;&#x6c;e&#114;&#x69;e&#64;&#x67;m&#97;&#x69;l&#46;&#x63;o&#109;<\/a><\/em><\/span><br \/>\n<\/span><\/span><\/p>\n<p id=\"mcetoc_1e3ostsou4\" style=\"text-align: center;\"><span style=\"font-family: verdana, geneva, sans-serif; font-size: 14px;\">\u00a0<\/span><\/p>\n<p>&nbsp;<\/p>\n<\/div>\n","protected":false},"excerpt":{"rendered":"<p>Fragen, W\u00fcnsche, Anregungen ? Dann bin ich gerne pers\u00f6nlich f\u00fcr Sie da. Schreiben Sie mir eine E-Mail Ich freuen mich auf Sie Rita Schatz, Oberhausen 4, 72411 Bodelshausen,\u00a0 \u00a0 rita&#115;&#103;&#97;&#108;&#101;&#x72;&#x69;&#x65;&#x40;&#x67;&#x6d;&#x61;il&#46;c&#111;&#109; \u00a0 &nbsp;<\/p>\n","protected":false},"author":1,"featured_media":0,"parent":0,"menu_order":0,"comment_status":"closed","ping_status":"closed","template":"","meta":{"footnotes":""},"class_list":["post-2939","page","type-page","status-publish","hentry"],"acf":[],"_links":{"self":[{"href":"http:\/\/www.ritas-galerie.myds.me\/wordpress\/wp-json\/wp\/v2\/pages\/2939","targetHints":{"allow":["GET"]}}],"collection":[{"href":"http:\/\/www.ritas-galerie.myds.me\/wordpress\/wp-json\/wp\/v2\/pages"}],"about":[{"href":"http:\/\/www.ritas-galerie.myds.me\/wordpress\/wp-json\/wp\/v2\/types\/page"}],"author":[{"embeddable":true,"href":"http:\/\/www.ritas-galerie.myds.me\/wordpress\/wp-json\/wp\/v2\/users\/1"}],"replies":[{"embeddable":true,"href":"http:\/\/www.ritas-galerie.myds.me\/wordpress\/wp-json\/wp\/v2\/comments?post=2939"}],"version-history":[{"count":0,"href":"http:\/\/www.ritas-galerie.myds.me\/wordpress\/wp-json\/wp\/v2\/pages\/2939\/revisions"}],"wp:attachment":[{"href":"http:\/\/www.ritas-galerie.myds.me\/wordpress\/wp-json\/wp\/v2\/media?parent=2939"}],"curies":[{"name":"wp","href":"https:\/\/api.w.org\/{rel}","templated":true}]}}